{"id":25060,"date":"2023-02-28T22:33:03","date_gmt":"2023-03-01T03:33:03","guid":{"rendered":"https:\/\/awellthyyou.wpengine.com\/?post_type=product&#038;p=25060"},"modified":"2023-08-16T20:15:57","modified_gmt":"2023-08-17T00:15:57","slug":"i-think-and-act-like-a-healthy-person-at-their-ideal-lean-weight-does","status":"publish","type":"product","link":"https:\/\/awellthyyou.com\/da\/i-think-and-act-like-a-healthy-person-at-their-ideal-lean-weight\/","title":{"rendered":"Jeg t\u00e6nker og handler som en sund person med deres ideelle magre v\u00e6gt"},"content":{"rendered":"<div data-elementor-type=\"page\" data-elementor-id=\"23055\" class=\"elementor elementor-23055\" data-elementor-post-type=\"elementor_library\">\n\t\t\t\t\t\t\t<div class=\"elementor-element elementor-element-61587f9 e-flex e-con-boxed e-con e-parent\" data-id=\"61587f9\" data-element_type=\"container\" data-settings=\"{&quot;content_width&quot;:&quot;boxed&quot;}\" data-core-v316-plus=\"true\">\n\t\t\t\t\t<div class=\"e-con-inner\">\n\t\t<div class=\"elementor-element elementor-element-d67fa9d e-con-full e-flex e-con e-child\" data-id=\"d67fa9d\" data-element_type=\"container\" data-settings=\"{&quot;content_width&quot;:&quot;full&quot;,&quot;background_background&quot;:&quot;classic&quot;}\">\n\t\t\t\t<div class=\"elementor-element elementor-element-9e22765 elementor-widget elementor-widget-text-editor\" data-id=\"9e22765\" data-element_type=\"widget\" data-widget_type=\"text-editor.default\">\n\t\t\t\t<div class=\"elementor-widget-container\">\n\t\t\t<style>\/*! elementor - v3.18.0 - 20-12-2023 *\/\n.elementor-widget-text-editor.elementor-drop-cap-view-stacked .elementor-drop-cap{background-color:#69727d;color:#fff}.elementor-widget-text-editor.elementor-drop-cap-view-framed .elementor-drop-cap{color:#69727d;border:3px solid;background-color:transparent}.elementor-widget-text-editor:not(.elementor-drop-cap-view-default) .elementor-drop-cap{margin-top:8px}.elementor-widget-text-editor:not(.elementor-drop-cap-view-default) .elementor-drop-cap-letter{width:1em;height:1em}.elementor-widget-text-editor .elementor-drop-cap{float:left;text-align:center;line-height:1;font-size:50px}.elementor-widget-text-editor .elementor-drop-cap-letter{display:inline-block}<\/style>\t\t\t\t<p>Fornemmelser af traumatiske minder fra lagrede data behandlet af dine 5 sanser og gemt som sensoriske minder kan signalere din stressreaktion, der udl\u00f8ser kroniske eller akutte negative f\u00f8lelser s\u00e5som angst, frygt, h\u00e5bl\u00f8shed og andre negative f\u00f8lelser.<\/p><p>Guided Emotional Release\u2122, er en mindfulness sensorisk modalitet, der guider din medf\u00f8dte intelligens til at frigive fornemmelserne af dine traumatiske minder.<\/p><p>Dette g\u00f8r dig i stand til at fokusere din bevidsthed for at regulere dine f\u00f8lelser, tanker og kropslige fornemmelser, hvilket hj\u00e6lper dig med at undg\u00e5 u\u00f8nskede destruktive eller automatiske vaner og reaktioner AKA udl\u00f8ser, s\u00e5 du kan forblive til stede og opleve hvert \u00f8jeblik uden at reagere p\u00e5 traumatiske sensoriske triggere.<\/p><p>Unders\u00f8gelser tyder p\u00e5, at Mindfulness-baserede modaliteter kan have en positiv indvirkning p\u00e5 sundhed og velv\u00e6re og har vist sig at reducere angst og depression.<\/p><p>For hurtigere resultater er sessioner parret med helbredende frekvenser og b\u00f8r lyttes til gennem hovedtelefoner ved lav lydstyrke, mens du arbejder, laver pligter, l\u00f8ber \u00e6rinder, sover osv. Det anbefales ikke, at du lytter med hovedtelefoner, mens du k\u00f8rer bil eller betjener tunge maskiner. God lytning! \ud83d\ude0a<\/p>\t\t\t\t\t\t<\/div>\n\t\t\t\t<\/div>\n\t\t\t\t<\/div>\n\t\t\t\t\t<\/div>\n\t\t\t\t<\/div>\n\t\t\t\t\t\t\t<\/div>","protected":false},"excerpt":{"rendered":"<p>Vores tanker er vibrationer og kan blive selvopfyldende profetier. Vi handler i harmoni med vores tanker, som n\u00e6res af vores trossystemer. Denne session hj\u00e6lper dig med at f\u00e5 mindset om at v\u00e6re sund og slank p\u00e5 din idealv\u00e6gt ved at guide din medf\u00f8dte intelligens til at frigive energiske aftryk af skadesm\u00f8nstre, der i \u00f8jeblikket forhindrer dig i at se dig selv som sund og slank.<\/p>","protected":false},"featured_media":25034,"template":"","meta":[],"product_cat":[50],"product_tag":[],"yst_prominent_words":[],"acf":[],"_links":{"self":[{"href":"https:\/\/awellthyyou.com\/da\/wp-json\/wp\/v2\/product\/25060"}],"collection":[{"href":"https:\/\/awellthyyou.com\/da\/wp-json\/wp\/v2\/product"}],"about":[{"href":"https:\/\/awellthyyou.com\/da\/wp-json\/wp\/v2\/types\/product"}],"wp:featuredmedia":[{"embeddable":true,"href":"https:\/\/awellthyyou.com\/da\/wp-json\/wp\/v2\/media\/25034"}],"wp:attachment":[{"href":"https:\/\/awellthyyou.com\/da\/wp-json\/wp\/v2\/media?parent=25060"}],"wp:term":[{"taxonomy":"product_cat","embeddable":true,"href":"https:\/\/awellthyyou.com\/da\/wp-json\/wp\/v2\/product_cat?post=25060"},{"taxonomy":"product_tag","embeddable":true,"href":"https:\/\/awellthyyou.com\/da\/wp-json\/wp\/v2\/product_tag?post=25060"},{"taxonomy":"yst_prominent_words","embeddable":true,"href":"https:\/\/awellthyyou.com\/da\/wp-json\/wp\/v2\/yst_prominent_words?post=25060"}],"curies":[{"name":"wp","href":"https:\/\/api.w.org\/{rel}","templated":true}]}}