{"id":23115,"date":"2022-12-16T19:14:20","date_gmt":"2022-12-17T00:14:20","guid":{"rendered":"https:\/\/awellthyyou.wpengine.com\/?post_type=product&#038;p=23115"},"modified":"2023-10-07T12:38:05","modified_gmt":"2023-10-07T16:38:05","slug":"loss-of-my-father-loss-trauma-copy","status":"publish","type":"product","link":"https:\/\/awellthyyou.com\/fr\/loss-of-my-father-loss-trauma\/","title":{"rendered":"Perte de mon p\u00e8re Perte Traumatisme"},"content":{"rendered":"<div data-elementor-type=\"page\" data-elementor-id=\"23055\" class=\"elementor elementor-23055\" data-elementor-post-type=\"elementor_library\">\n\t\t\t\t\t\t\t<div class=\"elementor-element elementor-element-61587f9 e-flex e-con-boxed e-con e-parent\" data-id=\"61587f9\" data-element_type=\"container\" data-settings=\"{&quot;content_width&quot;:&quot;boxed&quot;}\" data-core-v316-plus=\"true\">\n\t\t\t\t\t<div class=\"e-con-inner\">\n\t\t<div class=\"elementor-element elementor-element-d67fa9d e-con-full e-flex e-con e-child\" data-id=\"d67fa9d\" data-element_type=\"container\" data-settings=\"{&quot;content_width&quot;:&quot;full&quot;,&quot;background_background&quot;:&quot;classic&quot;}\">\n\t\t\t\t<div class=\"elementor-element elementor-element-9e22765 elementor-widget elementor-widget-text-editor\" data-id=\"9e22765\" data-element_type=\"widget\" data-widget_type=\"text-editor.default\">\n\t\t\t\t<div class=\"elementor-widget-container\">\n\t\t\t<style>\/*! elementor - v3.18.0 - 20-12-2023 *\/\n.elementor-widget-text-editor.elementor-drop-cap-view-stacked .elementor-drop-cap{background-color:#69727d;color:#fff}.elementor-widget-text-editor.elementor-drop-cap-view-framed .elementor-drop-cap{color:#69727d;border:3px solid;background-color:transparent}.elementor-widget-text-editor:not(.elementor-drop-cap-view-default) .elementor-drop-cap{margin-top:8px}.elementor-widget-text-editor:not(.elementor-drop-cap-view-default) .elementor-drop-cap-letter{width:1em;height:1em}.elementor-widget-text-editor .elementor-drop-cap{float:left;text-align:center;line-height:1;font-size:50px}.elementor-widget-text-editor .elementor-drop-cap-letter{display:inline-block}<\/style>\t\t\t\t<p>Les sensations de souvenirs traumatisants provenant des donn\u00e9es stock\u00e9es trait\u00e9es par vos 5 sens et enregistr\u00e9es en tant que souvenirs sensoriels peuvent signaler votre r\u00e9ponse au stress d\u00e9clenchant des \u00e9motions n\u00e9gatives chroniques ou aigu\u00ebs telles que l&#039;anxi\u00e9t\u00e9, la peur, le d\u00e9sespoir et d&#039;autres \u00e9motions n\u00e9gatives.<\/p><p>Guided Emotional Release\u2122, est une modalit\u00e9 sensorielle de pleine conscience qui guide votre intelligence inn\u00e9e pour lib\u00e9rer les sensations de vos souvenirs traumatisants.<\/p><p>Cela vous permet de concentrer votre conscience pour r\u00e9guler vos \u00e9motions, vos pens\u00e9es et vos sensations corporelles, vous aidant ainsi \u00e0 \u00e9viter les habitudes et r\u00e9actions destructrices ou automatiques ind\u00e9sirables, les d\u00e9clencheurs AKA, vous permettant de rester pr\u00e9sent et de vivre chaque instant, sans r\u00e9agir aux d\u00e9clencheurs sensoriels traumatisants.<\/p><p>Des \u00e9tudes sugg\u00e8rent que les modalit\u00e9s bas\u00e9es sur la pleine conscience peuvent avoir un impact positif sur la sant\u00e9 et le bien-\u00eatre et qu\u2019il a \u00e9t\u00e9 d\u00e9montr\u00e9 qu\u2019elles r\u00e9duisent l\u2019anxi\u00e9t\u00e9 et la d\u00e9pression.<\/p><p>Pour des r\u00e9sultats plus rapides, les s\u00e9ances sont associ\u00e9es \u00e0 des fr\u00e9quences de gu\u00e9rison et doivent \u00eatre \u00e9cout\u00e9es avec des \u00e9couteurs \u00e0 faible volume pendant que vous travaillez, faites des t\u00e2ches m\u00e9nag\u00e8res, faites des courses, dormez, etc. Il n&#039;est pas sugg\u00e9r\u00e9 d&#039;\u00e9couter avec des \u00e9couteurs lorsque vous conduisez ou utilisez des machines lourdes. Bonne \u00e9coute ! \ud83d\ude0a<\/p>\t\t\t\t\t\t<\/div>\n\t\t\t\t<\/div>\n\t\t\t\t<\/div>\n\t\t\t\t\t<\/div>\n\t\t\t\t<\/div>\n\t\t\t\t\t\t\t<\/div>","protected":false},"excerpt":{"rendered":"<p>Un traumatisme peut \u00eatre d\u00e9fini comme une r\u00e9action \u00e9motionnelle \u00e0 une exp\u00e9rience troublante ou terrible comme la perte d&#039;un \u00eatre cher, un viol, un accident, une catastrophe naturelle ou tout autre \u00e9v\u00e9nement troublant. Nous ressentons g\u00e9n\u00e9ralement un sentiment de choc suivi de d\u00e9ni, imm\u00e9diatement apr\u00e8s un \u00e9v\u00e9nement traumatisant.<\/p>\n<p>&nbsp;<\/p>","protected":false},"featured_media":22832,"template":"","meta":[],"product_cat":[15,127],"product_tag":[],"yst_prominent_words":[],"acf":[],"_links":{"self":[{"href":"https:\/\/awellthyyou.com\/fr\/wp-json\/wp\/v2\/product\/23115"}],"collection":[{"href":"https:\/\/awellthyyou.com\/fr\/wp-json\/wp\/v2\/product"}],"about":[{"href":"https:\/\/awellthyyou.com\/fr\/wp-json\/wp\/v2\/types\/product"}],"wp:featuredmedia":[{"embeddable":true,"href":"https:\/\/awellthyyou.com\/fr\/wp-json\/wp\/v2\/media\/22832"}],"wp:attachment":[{"href":"https:\/\/awellthyyou.com\/fr\/wp-json\/wp\/v2\/media?parent=23115"}],"wp:term":[{"taxonomy":"product_cat","embeddable":true,"href":"https:\/\/awellthyyou.com\/fr\/wp-json\/wp\/v2\/product_cat?post=23115"},{"taxonomy":"product_tag","embeddable":true,"href":"https:\/\/awellthyyou.com\/fr\/wp-json\/wp\/v2\/product_tag?post=23115"},{"taxonomy":"yst_prominent_words","embeddable":true,"href":"https:\/\/awellthyyou.com\/fr\/wp-json\/wp\/v2\/yst_prominent_words?post=23115"}],"curies":[{"name":"wp","href":"https:\/\/api.w.org\/{rel}","templated":true}]}}