{"id":25061,"date":"2023-02-28T22:36:16","date_gmt":"2023-03-01T03:36:16","guid":{"rendered":"https:\/\/awellthyyou.wpengine.com\/?post_type=product&#038;p=25061"},"modified":"2023-08-16T20:12:45","modified_gmt":"2023-08-17T00:12:45","slug":"its-easy-to-say-no","status":"publish","type":"product","link":"https:\/\/awellthyyou.com\/it\/its-safe-to-be-my-ideal-weight\/","title":{"rendered":"\u00c8 sicuro essere il mio peso ideale"},"content":{"rendered":"<div data-elementor-type=\"page\" data-elementor-id=\"23055\" class=\"elementor elementor-23055\" data-elementor-post-type=\"elementor_library\">\n\t\t\t\t\t\t\t<div class=\"elementor-element elementor-element-61587f9 e-flex e-con-boxed e-con e-parent\" data-id=\"61587f9\" data-element_type=\"container\" data-settings=\"{&quot;content_width&quot;:&quot;boxed&quot;}\" data-core-v316-plus=\"true\">\n\t\t\t\t\t<div class=\"e-con-inner\">\n\t\t<div class=\"elementor-element elementor-element-d67fa9d e-con-full e-flex e-con e-child\" data-id=\"d67fa9d\" data-element_type=\"container\" data-settings=\"{&quot;content_width&quot;:&quot;full&quot;,&quot;background_background&quot;:&quot;classic&quot;}\">\n\t\t\t\t<div class=\"elementor-element elementor-element-9e22765 elementor-widget elementor-widget-text-editor\" data-id=\"9e22765\" data-element_type=\"widget\" data-widget_type=\"text-editor.default\">\n\t\t\t\t<div class=\"elementor-widget-container\">\n\t\t\t<style>\/*! elementor - v3.18.0 - 20-12-2023 *\/\n.elementor-widget-text-editor.elementor-drop-cap-view-stacked .elementor-drop-cap{background-color:#69727d;color:#fff}.elementor-widget-text-editor.elementor-drop-cap-view-framed .elementor-drop-cap{color:#69727d;border:3px solid;background-color:transparent}.elementor-widget-text-editor:not(.elementor-drop-cap-view-default) .elementor-drop-cap{margin-top:8px}.elementor-widget-text-editor:not(.elementor-drop-cap-view-default) .elementor-drop-cap-letter{width:1em;height:1em}.elementor-widget-text-editor .elementor-drop-cap{float:left;text-align:center;line-height:1;font-size:50px}.elementor-widget-text-editor .elementor-drop-cap-letter{display:inline-block}<\/style>\t\t\t\t<p>Sensazioni di ricordi traumatici provenienti da dati archiviati elaborati dai tuoi 5 sensi e salvati come ricordi sensoriali possono segnalare la tua risposta allo stress innescando emozioni negative croniche o acute come ansia, paura, disperazione e altre emozioni negative.<\/p><p>Guided Emotional Release\u2122, \u00e8 una modalit\u00e0 sensoriale di Mindfulness che guida la tua intelligenza innata a liberare le sensazioni dei tuoi ricordi traumatici.<\/p><p>Ci\u00f2 ti consente di focalizzare la tua consapevolezza per regolare le tue emozioni, pensieri e sensazioni corporee aiutandoti a evitare abitudini e reazioni distruttive o automatiche indesiderate innescate dall&#039;AKA, permettendoti di rimanere presente e sperimentare ogni momento, senza reagire a trigger sensoriali traumatici.<\/p><p>Gli studi suggeriscono che le modalit\u00e0 basate sulla consapevolezza possono avere un impatto positivo sulla salute e sul benessere e hanno dimostrato di ridurre l\u2019ansia e la depressione.<\/p><p>Per risultati pi\u00f9 rapidi, le sessioni sono abbinate a frequenze curative e dovrebbero essere ascoltate tramite le cuffie a basso volume mentre lavori, svolgi le faccende domestiche, fai commissioni, dormi, ecc. Non \u00e8 consigliabile ascoltare utilizzando le cuffie mentre guidi o utilizzi macchinari pesanti. Buon ascolto! \ud83d\ude0a<\/p>\t\t\t\t\t\t<\/div>\n\t\t\t\t<\/div>\n\t\t\t\t<\/div>\n\t\t\t\t\t<\/div>\n\t\t\t\t<\/div>\n\t\t\t\t\t\t\t<\/div>","protected":false},"excerpt":{"rendered":"<p>A volte ci sabotiamo in tentativi fuorvianti di autoprotezione. Non siamo consapevolmente consapevoli di ci\u00f2 che sta accadendo perch\u00e9 questi schemi si formano nella nostra mente inconscia dove manca la capacit\u00e0 di ragionare. Questa sessione guider\u00e0 la tua intelligenza innata a trovare e rilasciare modelli di danno energetico e traumi derivanti dalla tua esperienza di vita e dal danno della tua esperienza di vita ancestrale che ti porta a mantenere convinzioni limitanti sul tuo peso.<\/p>","protected":false},"featured_media":25037,"template":"","meta":[],"product_cat":[50],"product_tag":[],"yst_prominent_words":[],"acf":[],"_links":{"self":[{"href":"https:\/\/awellthyyou.com\/it\/wp-json\/wp\/v2\/product\/25061"}],"collection":[{"href":"https:\/\/awellthyyou.com\/it\/wp-json\/wp\/v2\/product"}],"about":[{"href":"https:\/\/awellthyyou.com\/it\/wp-json\/wp\/v2\/types\/product"}],"wp:featuredmedia":[{"embeddable":true,"href":"https:\/\/awellthyyou.com\/it\/wp-json\/wp\/v2\/media\/25037"}],"wp:attachment":[{"href":"https:\/\/awellthyyou.com\/it\/wp-json\/wp\/v2\/media?parent=25061"}],"wp:term":[{"taxonomy":"product_cat","embeddable":true,"href":"https:\/\/awellthyyou.com\/it\/wp-json\/wp\/v2\/product_cat?post=25061"},{"taxonomy":"product_tag","embeddable":true,"href":"https:\/\/awellthyyou.com\/it\/wp-json\/wp\/v2\/product_tag?post=25061"},{"taxonomy":"yst_prominent_words","embeddable":true,"href":"https:\/\/awellthyyou.com\/it\/wp-json\/wp\/v2\/yst_prominent_words?post=25061"}],"curies":[{"name":"wp","href":"https:\/\/api.w.org\/{rel}","templated":true}]}}