{"id":26552,"date":"2023-07-05T20:46:07","date_gmt":"2023-07-06T00:46:07","guid":{"rendered":"https:\/\/awellthyyou.com\/?post_type=product&#038;p=26552"},"modified":"2023-08-16T19:55:03","modified_gmt":"2023-08-16T23:55:03","slug":"feet-frequency-processing-center","status":"publish","type":"product","link":"https:\/\/awellthyyou.com\/pt\/produto\/solar-chakra-avancada-guiada-sessao-de-liberacao-de-energia\/","title":{"rendered":"Centro de processamento de frequ\u00eancia de p\u00e9s"},"content":{"rendered":"<div data-elementor-type=\"page\" data-elementor-id=\"23055\" class=\"elementor elementor-23055\" data-elementor-post-type=\"elementor_library\">\n\t\t\t\t\t\t\t<div class=\"elementor-element elementor-element-61587f9 e-flex e-con-boxed e-con e-parent\" data-id=\"61587f9\" data-element_type=\"container\" data-settings=\"{&quot;content_width&quot;:&quot;boxed&quot;}\" data-core-v316-plus=\"true\">\n\t\t\t\t\t<div class=\"e-con-inner\">\n\t\t<div class=\"elementor-element elementor-element-d67fa9d e-con-full e-flex e-con e-child\" data-id=\"d67fa9d\" data-element_type=\"container\" data-settings=\"{&quot;content_width&quot;:&quot;full&quot;,&quot;background_background&quot;:&quot;classic&quot;}\">\n\t\t\t\t<div class=\"elementor-element elementor-element-9e22765 elementor-widget elementor-widget-text-editor\" data-id=\"9e22765\" data-element_type=\"widget\" data-widget_type=\"text-editor.default\">\n\t\t\t\t<div class=\"elementor-widget-container\">\n\t\t\t<style>\/*! elementor - v3.18.0 - 20-12-2023 *\/\n.elementor-widget-text-editor.elementor-drop-cap-view-stacked .elementor-drop-cap{background-color:#69727d;color:#fff}.elementor-widget-text-editor.elementor-drop-cap-view-framed .elementor-drop-cap{color:#69727d;border:3px solid;background-color:transparent}.elementor-widget-text-editor:not(.elementor-drop-cap-view-default) .elementor-drop-cap{margin-top:8px}.elementor-widget-text-editor:not(.elementor-drop-cap-view-default) .elementor-drop-cap-letter{width:1em;height:1em}.elementor-widget-text-editor .elementor-drop-cap{float:left;text-align:center;line-height:1;font-size:50px}.elementor-widget-text-editor .elementor-drop-cap-letter{display:inline-block}<\/style>\t\t\t\t<p>Sensa\u00e7\u00f5es de mem\u00f3rias traum\u00e1ticas de dados armazenados, processados pelos seus 5 sentidos e salvos como mem\u00f3rias sensoriais, podem sinalizar sua resposta ao estresse, desencadeando emo\u00e7\u00f5es negativas cr\u00f4nicas ou agudas, como ansiedade, medo, desesperan\u00e7a e outras emo\u00e7\u00f5es negativas.<\/p><p>Guided Emotional Release\u2122, \u00e9 uma modalidade sensorial de Mindfulness que orienta sua intelig\u00eancia inata para liberar as sensa\u00e7\u00f5es de suas mem\u00f3rias traum\u00e1ticas.<\/p><p>Isso permite que voc\u00ea concentre sua consci\u00eancia para regular suas emo\u00e7\u00f5es, pensamentos e sensa\u00e7\u00f5es corporais, ajudando a evitar h\u00e1bitos e rea\u00e7\u00f5es destrutivas ou autom\u00e1ticas indesejadas, tamb\u00e9m conhecidos como gatilhos, permitindo que voc\u00ea permane\u00e7a presente e experimente cada momento, sem reagir a gatilhos sensoriais traum\u00e1ticos.<\/p><p>Estudos sugerem que as modalidades baseadas na aten\u00e7\u00e3o plena podem ter um impacto positivo na sa\u00fade e no bem-estar e demonstraram reduzir a ansiedade e a depress\u00e3o.<\/p><p>Para resultados mais r\u00e1pidos, as sess\u00f5es s\u00e3o combinadas com frequ\u00eancias de cura e devem ser ouvidas atrav\u00e9s de fones de ouvido em volume baixo enquanto voc\u00ea trabalha, faz tarefas, faz tarefas, dorme, etc. Boa audi\u00e7\u00e3o! \ud83d\ude0a<\/p>\t\t\t\t\t\t<\/div>\n\t\t\t\t<\/div>\n\t\t\t\t<\/div>\n\t\t\t\t\t<\/div>\n\t\t\t\t<\/div>\n\t\t\t\t\t\t\t<\/div>","protected":false},"excerpt":{"rendered":"<p>Esta sess\u00e3o orienta sua intelig\u00eancia inata para encontrar e liberar todas as vibra\u00e7\u00f5es de frequ\u00eancias de danos de experi\u00eancia de vida sua e de seu ancestral que est\u00e3o causando bloqueios energ\u00e9ticos em seu Centro de Processamento de Frequ\u00eancia dos P\u00e9s e em todos os \u00f3rg\u00e3os e gl\u00e2ndulas do seu corpo f\u00edsico associados ao Centro de Processamento de Frequ\u00eancia dos P\u00e9s. Isto resulta na libera\u00e7\u00e3o de sensa\u00e7\u00f5es que alteram a taxa de frequ\u00eancias naturais de vibra\u00e7\u00e3o em seus \u00f3rg\u00e3os e gl\u00e2ndulas. A libera\u00e7\u00e3o dessas sensa\u00e7\u00f5es estagnadas retorna seu corpo \u00e0s frequ\u00eancias naturais, resultando em uma maior sensa\u00e7\u00e3o de bem-estar.<\/p>\n<p>&nbsp;<\/p>","protected":false},"featured_media":26198,"template":"","meta":[],"product_cat":[134],"product_tag":[],"yst_prominent_words":[],"acf":[],"_links":{"self":[{"href":"https:\/\/awellthyyou.com\/pt\/wp-json\/wp\/v2\/product\/26552"}],"collection":[{"href":"https:\/\/awellthyyou.com\/pt\/wp-json\/wp\/v2\/product"}],"about":[{"href":"https:\/\/awellthyyou.com\/pt\/wp-json\/wp\/v2\/types\/product"}],"wp:featuredmedia":[{"embeddable":true,"href":"https:\/\/awellthyyou.com\/pt\/wp-json\/wp\/v2\/media\/26198"}],"wp:attachment":[{"href":"https:\/\/awellthyyou.com\/pt\/wp-json\/wp\/v2\/media?parent=26552"}],"wp:term":[{"taxonomy":"product_cat","embeddable":true,"href":"https:\/\/awellthyyou.com\/pt\/wp-json\/wp\/v2\/product_cat?post=26552"},{"taxonomy":"product_tag","embeddable":true,"href":"https:\/\/awellthyyou.com\/pt\/wp-json\/wp\/v2\/product_tag?post=26552"},{"taxonomy":"yst_prominent_words","embeddable":true,"href":"https:\/\/awellthyyou.com\/pt\/wp-json\/wp\/v2\/yst_prominent_words?post=26552"}],"curies":[{"name":"wp","href":"https:\/\/api.w.org\/{rel}","templated":true}]}}